{"id":171,"date":"2018-04-09T17:31:50","date_gmt":"2018-04-09T15:31:50","guid":{"rendered":"https:\/\/www.agfe95.eu\/mentions-legales\/"},"modified":"2023-05-15T09:18:35","modified_gmt":"2023-05-15T07:18:35","slug":"mentions-legales","status":"publish","type":"page","link":"https:\/\/www.agfe95.eu\/en\/mentions-legales\/","title":{"rendered":"Mentions l\u00e9gales"},"content":{"rendered":"<p>Mentions l\u00e9gales concernant le site Web :<\/p>\n<p>Association de Gestion des Fonds Europ\u00e9ens<br \/>\n12 cours Albert 1er<br \/>\n75008 Paris<br \/>\nFrance<br \/>\nCourriel :\u00a0<span id=\"cloakbdfa509abbfd81d34da9ff7885a7b725\">contact[@]agfe95.eu<\/span><\/p>\n<p>L\u2019h\u00e9bergement du site agfe95.eu :<\/p>\n<p>OVH SAS au capital de 10 059 500 \u20ac<br \/>\nRCS Lille M\u00e9tropole 424 761 419 00045<br \/>\nCode APE 6202A<br \/>\nN\u00b0 TVA : FR 22 424 761 419<\/p>\n<p>Si\u00e8ge social :<br \/>\n2 rue Kellermann<br \/>\n59100 Roubaix<br \/>\nFrance<\/p>\n<p>Informations nominatives<br \/>\nConform\u00e9ment \u00e0 la loi n\u00b0 78-17 du 6 janvier 1978 \u00e0 la commission nationale de l\u2019informatique et libert\u00e9s (CNIL) relative \u00e0 l\u2019informatique, aux fichiers et aux libert\u00e9s (article 36) le titulaire du droit d\u2019acc\u00e8s peut exiger que soient rectifi\u00e9es, compl\u00e9t\u00e9es, clarifi\u00e9es mises \u00e0 jour ou effac\u00e9s les informations le concernant qui sont inexactes, incompl\u00e8tes, \u00e9quivoques, p\u00e9rim\u00e9es ou dont la collecte ou l\u2019utilisation, la communication ou la conservation est interdite Pour exercer ce droit vous pouvez contacter le webmestre :\u00a0<span id=\"cloakbdfa509abbfd81d34da9ff7885a7b725\">contact[@]agfe95.eu<\/span><span id=\"cloakbdfa509abbfd81d34da9ff7885a7b725\"><\/span><\/p>\n<p>Droit d\u2019auteur<br \/>\nL\u2019ensemble de ce site rel\u00e8ve de la l\u00e9gislation fran\u00e7aise et internationale sur le droit d\u2019auteur et de la propri\u00e9t\u00e9 intellectuelle. Tous les droits de reproduction, diffusion sont r\u00e9serv\u00e9s \u00e0 AGFE95, y compris pour les documents t\u00e9l\u00e9chargeables et les repr\u00e9sentations iconographiques et photographiques. Aucune utilisation, diffusion, insertion totale ou partielle du site et de ses \u00e9l\u00e9ments constitutifs, notamment photographie ou vid\u00e9o, ne peut se faire sous format \u00e9lectronique sans l\u2019autorisation expresse de AGFE95. La reproduction des textes de ce site sur un support papier est autoris\u00e9, sous r\u00e9serve de respect conditions suivantes :<br \/>\n\u2022 Gratuit\u00e9 de la diffusion<br \/>\n\u2022 Respect de l\u2019int\u00e9grit\u00e9 des documents reproduits (aucune modification, alt\u00e9ration n\u2019est autoris\u00e9e)<br \/>\n\u2022 Citation claire et lisible de la source (mention de l\u2019adresse du site)<br \/>\nPour toute autre utilisation une autorisation expresse de AGFE95 est obligatoire. Toute captation d\u2019informations nominatives pour enrichir des bases de donn\u00e9es par exemple \u00e0 des fins commerciales ou publicitaires est interdite.<\/p>\n<p>Fonctionnement<br \/>\nVous pouvez adresser toutes vos remarques et vos suggestions au webmestre :\u00a0<span id=\"cloakbdfa509abbfd81d34da9ff7885a7b725\">contact[@]agfe95.eu<\/span><\/p>\n","protected":false},"excerpt":{"rendered":"<p>Mentions l\u00e9gales concernant le site Web : Association de Gestion des Fonds Europ\u00e9ens 12 cours Albert 1er 75008 Paris France Courriel :\u00a0contact[@]agfe95.eu L\u2019h\u00e9bergement du site agfe95.eu : OVH SAS au capital de 10 059 500 \u20ac RCS Lille M\u00e9tropole 424 761 419 00045 Code APE 6202A N\u00b0 TVA : FR &hellip;<\/p>\n","protected":false},"author":2,"featured_media":0,"parent":0,"menu_order":0,"comment_status":"closed","ping_status":"closed","template":"","meta":{"footnotes":""},"class_list":["post-171","page","type-page","status-publish","hentry"],"_links":{"self":[{"href":"https:\/\/www.agfe95.eu\/en\/wp-json\/wp\/v2\/pages\/171\/"}],"collection":[{"href":"https:\/\/www.agfe95.eu\/en\/wp-json\/wp\/v2\/pages\/"}],"about":[{"href":"https:\/\/www.agfe95.eu\/en\/wp-json\/wp\/v2\/types\/page\/"}],"author":[{"embeddable":true,"href":"https:\/\/www.agfe95.eu\/en\/wp-json\/wp\/v2\/users\/2\/"}],"replies":[{"embeddable":true,"href":"https:\/\/www.agfe95.eu\/en\/wp-json\/wp\/v2\/comments\/?post=171"}],"version-history":[{"count":4,"href":"https:\/\/www.agfe95.eu\/en\/wp-json\/wp\/v2\/pages\/171\/revisions\/"}],"predecessor-version":[{"id":1762,"href":"https:\/\/www.agfe95.eu\/en\/wp-json\/wp\/v2\/pages\/171\/revisions\/1762\/"}],"wp:attachment":[{"href":"https:\/\/www.agfe95.eu\/en\/wp-json\/wp\/v2\/media\/?parent=171"}],"curies":[{"name":"wp","href":"https:\/\/api.w.org\/{rel}","templated":true}]}}